{"id":7156,"date":"2015-08-13T14:09:02","date_gmt":"2015-08-13T14:09:02","guid":{"rendered":"http:\/\/snuac.snu.ac.kr\/center_eng\/?page_id=7156"},"modified":"2018-06-19T04:38:44","modified_gmt":"2018-06-19T04:38:44","slug":"fellowships-and-grants","status":"publish","type":"page","link":"https:\/\/snuac.snu.ac.kr\/eng\/index.php\/opportunities\/fellowships-and-grants\/","title":{"rendered":"Fellowships and Grants"},"content":{"rendered":"<div class=\"wpb-content-wrapper\">[vc_row][vc_column][vc_column_text]SNUAC supports research projects which integrate regional research and thematic research. SNUAC is especially devoted to supporting research\u00a0focused on the regions and themes which have remained underexplored despite their increasing importance in national and global contexts. In\u00a02015, SNUAC continued to sponsor outstanding Asia-related basic research through various funding programs including the SNUAC Research Grant,\u00a0SNUAC Series in Asian Studies, Dissertation Writing Fellowship, and Outstanding Dissertation Award.<\/p>\n<p>SNUAC is planning on organizing an annual research roundtable, \u201cAsian Studies in SNUAC,\u201d organized by Department of Research and Development\u00a0of SNUAC, where scholars who participated in the Asia Basic Research Program share their research outcomes and progress. The roundtable\u00a0will provide scholars engaged in Asia research with a glimpse at international trends of Asian studies and an opportunity to deliberate on a future\u00a0direction for independent knowledge production. We expect this annual roundtable to contribute to our vision of furnishing building blocks for\u00a0integrative research of regions and themes. SNUAC aims to pave the way for overcoming the historical and structural dependence of knowledge\u00a0production on the West so Asian scholars can pursue independent scholarship.[\/vc_column_text][\/vc_column][\/vc_row][vc_row][vc_column][vc_text_separator title=&#8221;List of SNUAC Research Grant for Asian Studies&#8221;][vc_tta_tabs][vc_tta_section title=&#8221;2017&#8243; tab_id=&#8221;1509503066932-974fa7a5-6642&#8243;][vc_column_text]<strong>2017 SNUAC Research Grant<\/strong><\/p>\n<h6><span style=\"color: #0000ff;\">Continued Projects<\/span><br \/>\n\uff0a Hyeokyong Kwon et al. (Dept. of Political Science &amp; Int\u2019l Relations, Korea Univ.)| Mass Preferences and the Welfare State in East Asia<br \/>\n\uff0a Hyeonjung Lee et al. (Dept. of Anthropology) | Changing China, Unchanging China<br \/>\n\uff0a Jaejin Lee et al. (Dept. of Media &amp; Communication Studies, Han Yang Univ.) | Hate Speech in Korea, Japan and France: A Comparative Study<br \/>\n\uff0a Kiyoung Chang et al. (Ins\u2019t of International Studies) | The Strategic Use of Historical Memory and East Asia&#8217;s Instability<br \/>\n\uff0a Kwangyeong Shin et al. (Dept. of Sociology, Chung-ang Univ.) | Precarious Work and Labour Policies<br \/>\n\uff0a Seokkyeong Hong et al. (Dept. of Communication) | Convergence Culture in East Asia<br \/>\n\uff0a Taedong Lee et al. (Dept. of Political Science &amp; Int\u2019l Relations, Yonsei Univ.)| Comparative Politics of Nuclear Energy in Asian Countries: Building Up and Testing a Theory of Nuclear Energy Developmental State<br \/>\n\uff0a Tohkyeong Ahn et al. (Dept. of Political Science &amp; Int\u2019l Relations) | The Social Economy in Asia: Diversity and Common Agendas<br \/>\n\uff0a Youngeun Park et al. (Asia-Pacific Research Center, Han yang Univ.) | Exploring &#8216;KVN&#8217; as a Source of Modern Central Asian Popular Culture<\/p>\n<p><span style=\"color: #0000ff;\">New Projects<br \/>\n<span style=\"color: #000000;\">\uff0a Dongju Seo et al. (Ins\u2019t for Japanese Studies) | Recent Trend and Issues on the\u00a0<\/span><span style=\"color: #000000;\">Asian Regional Research<\/span><br \/>\n<span style=\"color: #000000;\">\uff0a Hyunjoo Jung et al. (Ins\u2019t of Humanities) | The Channels of Civilizational\u00a0<\/span><span style=\"color: #000000;\">Exchanges in East Asia: Focusing on the regions in and around the Korean\u00a0<\/span><span style=\"color: #000000;\">Peninsula<\/span><br \/>\n<span style=\"color: #000000;\">\uff0a Inchol Shin et al. (SNUAC) | Project for the Accumulation and Dissemination of\u00a0<\/span><span style=\"color: #000000;\">SNUAC Research Outcomes<\/span><br \/>\n<span style=\"color: #000000;\">\uff0a Kyunghee Choi et al. (SNUAC) | Trans Asian Networks Review Report<\/span><br \/>\n<span style=\"color: #000000;\">\uff0a Moongi Suh et al. (Dept. of Information Sociology, Soongsil Univ.) | Global Asia:\u00a0<\/span><span style=\"color: #000000;\">The Future of Capitalist Development and Post-Developmental States<\/span><br \/>\n<span style=\"color: #000000;\">\uff0a Myung-Seok Oh et al. (Dept. of Anthropology) | 2017 SNUAC Publication Project<\/span><br \/>\n<span style=\"color: #000000;\">\uff0a Soyoung Kim et al. (Dept. of Economics) | A Study on the Asian Identity,\u00a0<\/span><span style=\"color: #000000;\">Exchange and Integration &#8211; Search for the Development of East Asian\u00a0<\/span><span style=\"color: #000000;\">integration index<\/span><br \/>\n<span style=\"color: #000000;\">\uff0a Sukman Hwang et al. (Dept. of Sociology, Changwon Nat\u2019l Univ.) | Capitalism\u00a0<\/span><span style=\"color: #000000;\">in Asia II<\/span><\/span><\/h6>\n<hr \/>\n<p><strong>2017 SNUAC Series in Asian Studies<\/strong><\/p>\n<h6>\uff0a Chulhyun Park (Kookmin Univ.) | State-Society Relations in the Northeast Region of China: Focusing on the Old Industrial City and the Typical Danwei System<br \/>\n\uff0a Heeryang Na (Pukyung Nat`l Univ.) | WTO Dispute Settlements of ASEAN: Focusing on the Characteristics and Comparative Analysis according to Changes in Global Trade Order<br \/>\n\uff0a Paehwan Seol (Chonnam Nat`l Univ.) | Quriltai: The Heart of Power of the Mongol Great Khans and New Time and Places in Eurasia<br \/>\n\uff0a Soonchan Park (Kongju Nat`l Univ.) | Evolution of Production Networks in Asia: Comparative Advantage and Labor Share<\/h6>\n<hr \/>\n<p><strong>2017 SNUAC Dissertation Writing Fellowship<\/strong><\/p>\n<h6>\uff0a Daewook Kim (Dept. of Sociology) | The Diffusion of the \u2018Business and Human Rights\u2019 Norms in China<br \/>\n\uff0a Hyeonjung Chae (Dept. of Anthropology) | Multiple Lives of the Border: ASEAN Economic Community, Developing Border Area and Expanding Trading across the Border<br \/>\n\uff0a Jiayan Yun (Grad. School of Environmental Studies) | Cultural Politics in the Gardens of Suzhou: Social Change and the Expansion of Garden Culture during the Late Ming and Early Qing Dynasties<br \/>\n\uff0a Jiyoung Lee (Dept. of Asian History) | The New Policy and its Influences on Banners in Jilin Province<br \/>\n\uff0a Sehyung Won (Grad. School of Environmental Studies) | The Impact of Road Infrastructure Development on Communities and Urban Form Changes in Cities of Emerging Countries: A Case Study of Danang, Vietnam<\/h6>\n<hr \/>\n<p><strong>2017 SNUAC Dissertation Award<\/strong><\/p>\n<h6>\uff0a Jaeyoung Lee (Graduate School of Int\u2019l Studies) | Why Local Officials in China Work So Hard: The Penetration of Ideas, Interests, and Institutions<br \/>\n\uff0a Seunghee Oh (Dept. of Political Science &amp; International Relations, Ewha Womans Univ.) | Struggle for Recognition in the Sino-Japanese Relations: Japan\u2019s Foreign Policy toward China\u2019s One China Policy (1949-1972)<br \/>\n\uff0a Sungho Lee (Dept. of Geography) | Capitalistic Transition of Chinese Housing System and Local Government-driven Marketization<\/h6>\n<hr \/>\n<p><strong>2017 Colloquium Support<\/strong><\/p>\n<h6>\uff0a Chansook Hong et al. (Ins\u2019t for Gender Research) | Status of Northeast Asian Women and Social Movements<br \/>\n\uff0a Hyeonjung Lee et al. (Dept. of Anthropology) | Discourses on Normality\/ Pathology in Asia and Medical Practices<br \/>\n\uff0a Hyoungchong Kim et al. (Dept. of Asian History) | Literature Review on Contemporary Korea-China Relations and Archive Construction<br \/>\n\uff0a Hyungmin Chung et al. (Dept. of Oriental Painting) | The Possibility of Identity Discourse in Contemporary Visual Culture in Korea, China, and Japan<br \/>\n\uff0a Jihyun Jung et al. (Dept. of Chinese Language and Literature) | Folktales, Life Stories, and History: Mythological Figures in Chinese Character-Using Cultures<br \/>\n\uff0a Kijeong Nam et al. (SNUIJS) | East Asian Border Regions and Longitudinal Asia Initiative as Frontier of Korean Diplomacy<br \/>\n\uff0a Moonsook Hong et al. (SNUGEC) | Reconstruction of \u2018Women\u2019s Empowerment\u2019 from the Asian Perspective<br \/>\n\uff0a Sooah Kim et al. (Faculty of Liberal Education) | Examining East Asian Economy from the Cultural Studies Perspective<br \/>\n\uff0a Sunggyu Kim et al. (SNUAC) | Evaluation on Development Cooperation Projects in Asia and Future Directions II : Focusing on Social Economy<br \/>\n\uff0a Yoomi Kim et al. (SNUAC) | Interdisciplinary Approach to Cross Border Air Pollution Problem in East Asia<\/h6>\n[\/vc_column_text][\/vc_tta_section][vc_tta_section title=&#8221;2016&#8243; tab_id=&#8221;1529382637954-01f5e11e-deb5&#8243;][vc_column_text]<strong>2016 SNUAC Research Grant<\/strong><\/p>\n<h5>\u2022 Hyeokyong Kwon (Korea Univ.) et al. | Mass Preferences and the Welfare State\u00a0in East Asia<br \/>\n\u2022 Youngeun Park (Hanyang Univ.) et al. | Exploring &#8216;KVN&#8217; as a Source of Modern\u00a0Central Asian Popular Culture<br \/>\n\u2022 Kwangyeong Shin (Chung-Ang Univ.) et al. | Precarious Work and Labour\u00a0Policies<br \/>\n\u2022 Keun Lee (SNU) et al. | Is the 4th Industrial Revolution a Window of\u00a0Opportunity or reinforcing the Middle-income Trap? A Study on Asian model of\u00a0Development, Focusing on the Mekong and Penang Regions in Southeast Asia<br \/>\n\u2022 Taedong Lee (Yonsei Univ.) et al. | Comparative Politics of Nuclear Energy\u00a0in Asian Countries: Building up and Testing a Theory of Nuclear Energy\u00a0Developmental State<br \/>\n\u2022 Kiyoung Chang (SNU) et al. | The Strategic Use of Historical Memory and East\u00a0Asia&#8217;s Instability<br \/>\n\u2022 Seokkyeong Hong (SNU) et al. | Convergence Culture in East Asia<br \/>\n\u2022 Bla\u017e Kri\u017enik Hanyang Univ.) et al. | Towards a Post-Developmental City in East\u00a0Asia? Comparing Everyday Practices and Policies of Community Building in Seoul<br \/>\nand Singapore<br \/>\n\u2022 Tohkyeong Ahn (SNU) et al. | The Social Economy in Asia: Diversity and\u00a0Common Agendas<br \/>\n\u2022 Hyeonjung Lee (SNU) et al. | Changing China, Unchanging China<br \/>\n\u2022 Sukman Hwang (Changwon Nat\u2019l Univ.) et al. | Global Asia: The Future of\u00a0Capitalist Development and Post-Developmental States<br \/>\n\u2022 Jaejin Lee (Hanyang Univ.) et al. | Hate Speech in Korea, Japan and France: A\u00a0Comparative Study<\/h5>\n<hr \/>\n<p><strong>2016 SNUAC Series in Asian Studies<\/strong><\/p>\n<h5>\u2022 Youngsook Kweon (The Center for Social Science) | The Dynamics of Political\u00a0Democracy and Labor: Comparative Study on East Asian Model<br \/>\n\u2022 Sungbom Lee (School of Humanities and International Cultures, Sogang Univ.)\u00a0| A cross-cultural study of communicating emotions of happiness in Korea,\u00a0Japan, and Singapore<br \/>\n\u2022 Kyungtaek Yim (Dept. of Japanese Language &amp; Literature, Chonbuk Nat\u2019l Univ.)\u00a0| The Formation of Japanese Nation-state and Reading Community in East Asia<br \/>\n\u2022 Sunny Yoon (Dept. of Media &amp; Communication Studies, Hanyang Univ.) | Asian\u00a0Identity: Cultural hybridity or cultural resistance<\/h5>\n<hr \/>\n<p><strong>2016 SNUAC Dissertation Writing Fellowship<\/strong><\/p>\n<h5>\u2022 Seoin Baek (Graduate School of Innovation and Technology Management,\u00a0KAIST) | Integrative Research on Asian Innovation Model: Trilateral Comparative\u00a0analysis on Technology Innovation, Finn Strategy and Industrial Policy, Future\u00a0Strategy of Korea, Japan, China\u2019s Automobile Industry<br \/>\n\u2022 Yuseok Han (Dept. of Archaeology and Cultural Anthropology, Chunbuk Nat&#8217;l\u00a0Univ.) | Ethnic Migrants&#8217; Hybrid Identities on the Border: An Anthropological<br \/>\nResearch on the Kachin People in Thailand<br \/>\n\u2022 Jaeyoung Lee (Graduate School of International Studies) | The Political\u00a0Economy of Local Government&#8217;s Institutional Innovations in China<br \/>\n\u2022 Kyungyun Moon (Dept. of Anthropology) | Between \u201cSpouses of Taiwanese\u201d\u00a0and \u201cCompatriots\u201d: An Ethnographic Study of Social Network among Chinese\u00a0Spouses in Taiwan<br \/>\n\u2022 Ragyeom Wi (Interdisciplinary program in Gender Studies) | A Study on the\u00a0Labor Market Participation and Family Life of Marriage-migrant Women in South\u00a0Korea from the Perspective of Citizenship<\/h5>\n<hr \/>\n<p><strong>2016 SNUAC Dissertation Award<\/strong><\/p>\n<h5>\u2022 Eunsook Jee (Dept. of Anthropology) | Family Relationship and Gender Order in\u00a0Contemporary Japan through the Case of Hikon<br \/>\n\u2022 Yanghee Kim (Dept. of Women\u2019s Studies, Ewha Womans Univ.) | Recipient\u00a0Women Agents in Korean Official Development Assistance MCH Project-Based\u00a0on Brith Spacing Campaign and Abortion in Laos<br \/>\n\u2022 Sunwha Lee (Dept. of Anthropology) | Flying Chickens on the Grasslands: The\u00a0Eco-Politics of Grassland Restoration in Inner Mongolia, China<\/h5>\n<hr \/>\n<p><strong>2016 Support for Colloquium Support<\/strong><\/p>\n<h5>\u2022 Chansook Hong (Institute for Gender Research) | Multidimensional Comparing\u00a0about the Northeast Asian Women\u2019s Status<br \/>\n\u2022 Seokkyeong Hong (Dept. of Communication) | Convergence Culture in East\u00a0Asia and the Logic og Emerging culture Industry<br \/>\n\u2022 Sunggyu Kim (SNUAC) | Searching for the Direction and Evaluation of the Asian\u00a0Development Cooperation Project<br \/>\n\u2022 Sooah Kim (Faculty of Liberal Education) | Understanding East Asian Economy\u00a0from the Perspective of Cultural Studies<br \/>\n\u2022 Shiduck Kim (Kyujanggak Institute for Korean Studies) | Korean Studies as East\u00a0Asian Studies<br \/>\n\u2022 Kayoung Ko (SNUAC) | Racism in Western Black Sea Rim<br \/>\n\u2022 Hyeonjung Lee (Dept. of Anthropology) | Comparative Cultural Analysis of\u00a0Physical Discourse and Medical Intervention in Asia<br \/>\n\u2022 Heejung Sim (Asia Development Institute) | Possibility of Formation and\u00a0Development of the International Development Discourse from the Asian\u00a0Perspective: Focusing on Asian Tigers<\/h5>\n[\/vc_column_text][\/vc_tta_section][vc_tta_section title=&#8221;2015&#8243; tab_id=&#8221;1509503066932-b082d924-544c&#8221;][vc_column_text]<strong>2015 SNUAC Research Grant<\/strong><\/p>\n<h5>\u2022 Eunmee Kim et al. (Dept. of Communication) | A Cultural History of Structural Changes in Chinese Cultural Industries.<br \/>\n\u2022 Chanwook Park (Dept. of Political Science and Int\u2019l Relations) | Recent General Elections for the State Legislature and Prospects for Democracy: Results and Significance<br \/>\nof 2016 Korean National Assembly Election in Comparison with 2015 Turkish Elections<br \/>\n\u2022 Jungyul Sohn et al. (Dept. of Geography) | Asia viewed through Networks: From the Perspectives of Social Sciences<br \/>\n\u2022 Wookhee Shin et al. (Dept. of Political Science and Int\u2019l Relations) | Global Cold War and East Asia<br \/>\n\u2022 Sangin Yoon et al. (Dept. of Asian Languages and Civilizations) | The Movement of Cultures across East Asia in the 1920s-1930s<br \/>\n\u2022 Keunsik Jung et al. (Dept. of Sociology) | 2016 SNUAC Translation Series on Mordern History of Asia<br \/>\n\u2022 Youngdal Cho (Dept. of Social Studies Education) | Reform in High Education under the Changing World of East Asia<br \/>\n\u2022 Kyungchul Jou et al. (Dept. of Western History) | The Colonial University and Derivative Appropriation of Orientalism: An Inquiry into Books of Western Orientalism<br \/>\ncollected by the Keijo Imperial University Library<br \/>\n\u2022 Yeyong Choi (Institute of Health &amp; Environment) | Dangerous Trade of Asbestos Industry in Asia<br \/>\n\u2022 Baegeui Hong (Dept. of Social Welfare) | Family in Asia\u2013 Has the revolution of Family in Asia begun?<\/h5>\n<hr \/>\n<p><strong>2015 SNUAC Series in Asian Studies<\/strong><\/p>\n<h5>\u2022 Jonghwan Ko (Division of Int\u2019l and Area Studies, Pukyong Nat\u2019l Univ.) | International Migration in East Asia and Its Economic Impact<br \/>\n\u2022 Junghee Park (Global China Institute, Kyungsung Univ.) | A Study on Aspect of the Reconstruction of Ancient city Cultural Identity in China: focused on cultural<br \/>\ntexts and landscape<br \/>\n\u2022 Yeongseop Rhee (Graduate School of Int\u2019l Studies) | East Asian Economic Integration and Inter-Korean Cooperation<br \/>\n\u2022 Jaemin Lee (School of Law) | A Surge of FTAs in East Asian Countries and Dispute Settlement Mechanism\u2013 Unique Characteristics, Inherent Limitations and Areas<br \/>\nof Improvement<\/h5>\n<hr \/>\n<p><strong>2015 SNUAC Dissertation Writing Fellowship<\/strong><\/p>\n<h5>\u2022 Sun Kim (Graduate School of Public Health) | Publicness in Pharmaceutical Production and Supply *<br \/>\n\u2022 Chong Min Kim (Graduate School of Int\u2019l Studies) | A Study on the ROK-US Intellectual Property Rights Agreement (1986) *<br \/>\n\u2022 Seunghwan Yoo (Dept. of Korean Language and Literature) | Hwang Sok-Yong\u2019s Literature and Modern East-Asian Narratives<br \/>\n\u2022 Seunghee Oh (Dept. of Political Science &amp; Int\u2019l Relations) | Struggle for Recognition in the Sino-Japanese Relations: Japan\u2019s Foreign Policy toward China\u2019s One<br \/>\nChina Policy (1949-1972) *<br \/>\n<span style=\"color: #ff0000;\">* Degree Finished.<\/span><\/h5>\n<hr \/>\n<p><strong>2015 Outstanding Dissertation Award<\/strong><\/p>\n<h5>\u2022 Kyungtae Kim (PhD, Korea Univ.\/ The Academy of Korean Studies Jangseogak) | A study on Peace Negotiations during Imjin War<\/h5>\n[\/vc_column_text][\/vc_tta_section][vc_tta_section title=&#8221;2014&#8243; tab_id=&#8221;1509503175675-8a266083-9d8c&#8221;][vc_column_text]<strong>SNUAC Research Grant<\/strong><\/p>\n<h5>\u2022 Joonkoo Lee (Business School, Hanyang Univ.) et al., | Mobile Asia: Evolving Mobile Telecom Value Chains and Emerging New Regionality<br \/>\n\u2022 Jeehyeong Park (Dept. of Economics, SNU) et al., | Changing Global Economic Order for Asia&#8217;s Innovation and Creation<br \/>\n\u2022 Jungyoon Lee (Division of Int&#8217;l Commerce, Pukyong Nat&#8217;l Univ.) et al., | Rise of Transnational Production Networks and Changes in Logistical Flows in East Asia<br \/>\n\u2022 Baegeui Hong (Dept. of Social Welfare, SNU) et al., | Asian Family- Embrace of Asian Family Revolution?<br \/>\n\u2022 Keunsik Jung (Dept. of Sociology, SNU) et al., | &#8220;Asian History with Asian perspectives&#8221; Series * Contents below<br \/>\n\u2022 Baegyoon Park (Dept. of Geography Education, SNU) et al., | Transnational Movements and Flows in East Asia<br \/>\n\u2022 Minhwan Kim (SNUAC) et al., | Research on the Cross-Border Networks in East Asia<br \/>\n\u2022 Hyun-Chin Lim (SNU Emeritus professor) et al., | Asian Capitalisms<br \/>\n\u2022 Leesee Jae (The Catholic Univ. of Korea) et al., | Food in Asian Cultures<br \/>\n\u2022 Jaeyeol Yee (Dept. of Sociology, SNU) et al., | 70th Anniversary of Independence and Social Survey of Korean Citizens&#8217; Cognition<br \/>\n\u2022 Jeongwon Kang (Dept. of Anthropology, SNU) et al., | Modernization and Social Change of East Asia \u2013 Focusing on the Space, Social Welfare and Religion Folklore of Korea<br \/>\n\u2022 Kyusup Han (Dept. of Communication, SNU) et al., | Political Trust of New Asian Democratic Nations<br \/>\n\u2022 Jongchul Kim (SNUAC) et al., | An International Comparative Study on Asian Business Culture<\/h5>\n<hr \/>\n<p><strong>SNUAC Series in Asian Studies <\/strong><\/p>\n<h5>\u2022 Geonsoo Han (Dept. of Cultural Anthropology, Kangwon Nat&#8217;l Univ.) et al., | Refugees in East Asia: Inclusion and Exclusion<br \/>\n\u2022 Haeran Lim (Dept. of Political Science and Int&#8217;l Relations, SNU) | Changes in Global Political Economy in 21th Century and Revisiting the East Asian Developmental Model<br \/>\n\u2022 Younghan Cho (Hankuk Univ. of Foreign Studies) et al., | The Yellow Pacific: Multiple Modernities and East Asia<br \/>\n\u2022 Seunglyong Kim (Dept. of Korean Literature in Classical Chinese, Pusan Nat&#8217;l Univ.) | Bejing Xunnan As a Humanity Creation-space and Qing dinasty&#8217;s Intellectuals<br \/>\n\u2022 Chaesung Chun (Dept. of Political Science and Int&#8217;l Relations, SNU)et al., | In Search of A Theory of East Asian Int&#8217;l Relations<br \/>\n\u2022 Hyugbaeg Im (Dept. of Political Science and Int&#8217;l Relations, Korea Univ.) | The Possibility of Peace in Korean Peninsula<\/h5>\n<hr \/>\n<p><strong>Asia Research Translation Series<\/strong><\/p>\n<p>SNUAC sponsors the translation of distinguished history books written in Asia. This effort began in 2014, and five volumes of Asian history are scheduled to be translated in 2015. By translating history textbooks representative of each Asian country and important work that can contribute to regional research, SNUAC aims to promote deeper understanding of the Asian region.<\/p>\n<h5>\u2022 Philippe Langlet et Quach Thanh Tam(2001). Introduction \u00e0 l&#8217;histoire contemporaine du Viet Nam de la r\u00e9unification au n\u00e9ocommunisme(1975~2001). Paris: Les Indes savantes<br \/>\nTranslation: Daeyeong Youn (Institute for East Asian Studies, Sogang Univ.)<\/h5>\n<h5>\u2022 Taylor\u00b7Jean(2003). Indonesia: People and Histories. New Haven: Yale Univ.<br \/>\nTranslation: Woonkyung Yeo (Dept. of Asian Languages and Civilizations, SNU)<\/h5>\n<h5>\u2022 \u9ec3\u5b97\u667a \u8457(2010). \u4e2d\u570b\u7684\u96b1\u6027\u8fb2\u696d\u9769\u547d. \u6cd5\u5f8b\u51fa\u7248\u793e<br \/>\nTranslation: Bumjin Koo (Dept. of Asian History, SNU)<\/h5>\n<h5>\u2022 \u66f2\u66c9\u8303(2001). \u8fd1\u4ee3\u6771\u5317\u57ce\u5e02\u7684\u6b77\u53f2\u8b8a\u9077. \u6771\u5317\u5e2b\u7bc4\u5927\u5b78\u51fa\u7248\u793e<br \/>\nTranslation: Piao You (Hansung Univ.)<\/h5>\n<h5>\u2022 S.M. Dudaryonok\u00b7F.E. Azhimov(2013). History of Russian Far East. Vladivostok: Far Eastern Federal Univ.<br \/>\nTranslation: Seungjo Nam (SNUAC)<\/h5>\n[\/vc_column_text][\/vc_tta_section][\/vc_tta_tabs][\/vc_column][\/vc_row]\n<\/div>","protected":false},"excerpt":{"rendered":"<p>[vc_row][vc_column][vc_column_text]SNUAC supports research projects which integrate regional research and thematic research. SNUAC is especially devoted to supporting research\u00a0focused on the regions and themes which have remained underexplored despite their increasing importance in national and global contexts. In\u00a02015, SNUAC continued to sponsor outstanding Asia-related basic research through various funding programs including the SNUAC Research Grant,\u00a0SNUAC Series in Asian Studies, Dissertation Writing Fellowship, and Outstanding Dissertation Award. SNUAC is planning on organizing an annual research roundtable, \u201cAsian Studies in SNUAC,\u201d organized by Department of Research and Development\u00a0of SNUAC, where scholars who participated in the Asia Basic Research Program share their research outcomes and progress. The roundtable\u00a0will provide scholars engaged in Asia research with a glimpse at international trends of Asian studies and an opportunity to deliberate on a future\u00a0direction for independent knowledge production. We expect this annual roundtable to contribute to our&#8230;&#8230;<\/p>\n","protected":false},"author":1,"featured_media":0,"parent":7853,"menu_order":1,"comment_status":"closed","ping_status":"closed","template":"page-sidebar.php","meta":{"footnotes":""},"class_list":["post-7156","page","type-page","status-publish","hentry"],"_links":{"self":[{"href":"https:\/\/snuac.snu.ac.kr\/eng\/index.php\/wp-json\/wp\/v2\/pages\/7156","targetHints":{"allow":["GET"]}}],"collection":[{"href":"https:\/\/snuac.snu.ac.kr\/eng\/index.php\/wp-json\/wp\/v2\/pages"}],"about":[{"href":"https:\/\/snuac.snu.ac.kr\/eng\/index.php\/wp-json\/wp\/v2\/types\/page"}],"author":[{"embeddable":true,"href":"https:\/\/snuac.snu.ac.kr\/eng\/index.php\/wp-json\/wp\/v2\/users\/1"}],"replies":[{"embeddable":true,"href":"https:\/\/snuac.snu.ac.kr\/eng\/index.php\/wp-json\/wp\/v2\/comments?post=7156"}],"version-history":[{"count":6,"href":"https:\/\/snuac.snu.ac.kr\/eng\/index.php\/wp-json\/wp\/v2\/pages\/7156\/revisions"}],"predecessor-version":[{"id":9280,"href":"https:\/\/snuac.snu.ac.kr\/eng\/index.php\/wp-json\/wp\/v2\/pages\/7156\/revisions\/9280"}],"up":[{"embeddable":true,"href":"https:\/\/snuac.snu.ac.kr\/eng\/index.php\/wp-json\/wp\/v2\/pages\/7853"}],"wp:attachment":[{"href":"https:\/\/snuac.snu.ac.kr\/eng\/index.php\/wp-json\/wp\/v2\/media?parent=7156"}],"curies":[{"name":"wp","href":"https:\/\/api.w.org\/{rel}","templated":true}]}}